{"id":1560,"date":"2022-10-20T19:16:12","date_gmt":"2022-10-20T17:16:12","guid":{"rendered":"https:\/\/www.funspace.cz\/club-activities\/"},"modified":"2026-01-28T21:23:55","modified_gmt":"2026-01-28T20:23:55","slug":"club-activities","status":"publish","type":"page","link":"https:\/\/www.funspace.cz\/en\/club-activities\/","title":{"rendered":"Club activities"},"content":{"rendered":"\t\t<div data-elementor-type=\"wp-page\" data-elementor-id=\"1560\" class=\"elementor elementor-1560 elementor-1553\" data-elementor-post-type=\"page\">\n\t\t\t\t\t\t<section class=\"elementor-section elementor-top-section elementor-element elementor-element-21cf9b9 elementor-section-boxed elementor-section-height-default elementor-section-height-default\" data-id=\"21cf9b9\" data-element_type=\"section\" data-e-type=\"section\">\n\t\t\t\t\t\t<div class=\"elementor-container elementor-column-gap-default\">\n\t\t\t\t\t<div class=\"elementor-column elementor-col-100 elementor-top-column elementor-element elementor-element-c470175\" data-id=\"c470175\" data-element_type=\"column\" data-e-type=\"column\">\n\t\t\t<div class=\"elementor-widget-wrap elementor-element-populated\">\n\t\t\t\t\t\t<div class=\"elementor-element elementor-element-c117993 elementor-widget elementor-widget-heading\" data-id=\"c117993\" data-element_type=\"widget\" data-e-type=\"widget\" data-widget_type=\"heading.default\">\n\t\t\t\t<div class=\"elementor-widget-container\">\n\t\t\t\t\t<h1 class=\"elementor-heading-title elementor-size-default\">Club activities<\/h1>\t\t\t\t<\/div>\n\t\t\t\t<\/div>\n\t\t\t\t\t<\/div>\n\t\t<\/div>\n\t\t\t\t\t<\/div>\n\t\t<\/section>\n\t\t\t\t<section class=\"elementor-section elementor-top-section elementor-element elementor-element-5cc68ba elementor-section-boxed elementor-section-height-default elementor-section-height-default\" data-id=\"5cc68ba\" data-element_type=\"section\" data-e-type=\"section\">\n\t\t\t\t\t\t<div class=\"elementor-container elementor-column-gap-default\">\n\t\t\t\t\t<div class=\"elementor-column elementor-col-16 elementor-top-column elementor-element elementor-element-7120abb\" data-id=\"7120abb\" data-element_type=\"column\" data-e-type=\"column\">\n\t\t\t<div class=\"elementor-widget-wrap elementor-element-populated\">\n\t\t\t\t\t\t<div class=\"elementor-element elementor-element-420d763 elementor-widget elementor-widget-heading\" data-id=\"420d763\" data-element_type=\"widget\" data-e-type=\"widget\" data-widget_type=\"heading.default\">\n\t\t\t\t<div class=\"elementor-widget-container\">\n\t\t\t\t\t<h4 class=\"elementor-heading-title elementor-size-default\"><a href=\"https:\/\/www.funspace.cz\/en\/?page_id=948\">Rings<\/a><\/h4>\t\t\t\t<\/div>\n\t\t\t\t<\/div>\n\t\t\t\t<div class=\"elementor-element elementor-element-f0e18e6 elementor-widget elementor-widget-image\" data-id=\"f0e18e6\" data-element_type=\"widget\" data-e-type=\"widget\" data-widget_type=\"image.default\">\n\t\t\t\t<div class=\"elementor-widget-container\">\n\t\t\t\t\t\t\t\t\t\t\t\t\t\t\t\t<a href=\"https:\/\/www.funspace.cz\/en\/?page_id=948\">\n\t\t\t\t\t\t\t<img fetchpriority=\"high\" decoding=\"async\" width=\"768\" height=\"512\" src=\"https:\/\/www.funspace.cz\/wp-content\/uploads\/2025\/06\/AL5I5966-kopie-768x512.jpg\" class=\"attachment-medium_large size-medium_large wp-image-1481\" alt=\"Hr\u00e1\u010di laser game s  modr\u00fdmi vestami\" srcset=\"https:\/\/www.funspace.cz\/wp-content\/uploads\/2025\/06\/AL5I5966-kopie-768x512.jpg 768w, https:\/\/www.funspace.cz\/wp-content\/uploads\/2025\/06\/AL5I5966-kopie-300x200.jpg 300w, https:\/\/www.funspace.cz\/wp-content\/uploads\/2025\/06\/AL5I5966-kopie-1024x682.jpg 1024w, https:\/\/www.funspace.cz\/wp-content\/uploads\/2025\/06\/AL5I5966-kopie-1536x1024.jpg 1536w, https:\/\/www.funspace.cz\/wp-content\/uploads\/2025\/06\/AL5I5966-kopie.jpg 2000w\" sizes=\"(max-width: 768px) 100vw, 768px\" \/>\t\t\t\t\t\t\t\t<\/a>\n\t\t\t\t\t\t\t\t\t\t\t\t\t\t\t<\/div>\n\t\t\t\t<\/div>\n\t\t\t\t\t<\/div>\n\t\t<\/div>\n\t\t\t\t<div class=\"elementor-column elementor-col-16 elementor-top-column elementor-element elementor-element-9188158\" data-id=\"9188158\" data-element_type=\"column\" data-e-type=\"column\">\n\t\t\t<div class=\"elementor-widget-wrap elementor-element-populated\">\n\t\t\t\t\t\t<div class=\"elementor-element elementor-element-cc775d7 elementor-widget elementor-widget-heading\" data-id=\"cc775d7\" data-element_type=\"widget\" data-e-type=\"widget\" data-widget_type=\"heading.default\">\n\t\t\t\t<div class=\"elementor-widget-container\">\n\t\t\t\t\t<h4 class=\"elementor-heading-title elementor-size-default\"><a href=\"https:\/\/www.lasergameclub.cz\/tabor\" target=\"_blank\" rel=\"nofollow noopener\">Camps<\/a><\/h4>\t\t\t\t<\/div>\n\t\t\t\t<\/div>\n\t\t\t\t<div class=\"elementor-element elementor-element-847b5bb elementor-widget elementor-widget-image\" data-id=\"847b5bb\" data-element_type=\"widget\" data-e-type=\"widget\" data-widget_type=\"image.default\">\n\t\t\t\t<div class=\"elementor-widget-container\">\n\t\t\t\t\t\t\t\t\t\t\t\t\t\t\t\t<a href=\"https:\/\/www.lasergameclub.cz\/tabor\" target=\"_blank\" rel=\"nofollow noopener\">\n\t\t\t\t\t\t\t<img decoding=\"async\" width=\"1024\" height=\"768\" src=\"https:\/\/www.funspace.cz\/wp-content\/uploads\/2023\/04\/IMG_3447-scaled-1-1024x768.jpg\" class=\"attachment-large size-large wp-image-1483\" alt=\"\" srcset=\"https:\/\/www.funspace.cz\/wp-content\/uploads\/2023\/04\/IMG_3447-scaled-1-1024x768.jpg 1024w, https:\/\/www.funspace.cz\/wp-content\/uploads\/2023\/04\/IMG_3447-scaled-1-300x225.jpg 300w, https:\/\/www.funspace.cz\/wp-content\/uploads\/2023\/04\/IMG_3447-scaled-1-768x576.jpg 768w, https:\/\/www.funspace.cz\/wp-content\/uploads\/2023\/04\/IMG_3447-scaled-1-1536x1152.jpg 1536w, https:\/\/www.funspace.cz\/wp-content\/uploads\/2023\/04\/IMG_3447-scaled-1-2048x1536.jpg 2048w\" sizes=\"(max-width: 1024px) 100vw, 1024px\" \/>\t\t\t\t\t\t\t\t<\/a>\n\t\t\t\t\t\t\t\t\t\t\t\t\t\t\t<\/div>\n\t\t\t\t<\/div>\n\t\t\t\t\t<\/div>\n\t\t<\/div>\n\t\t\t\t<div class=\"elementor-column elementor-col-16 elementor-top-column elementor-element elementor-element-0ad2991\" data-id=\"0ad2991\" data-element_type=\"column\" data-e-type=\"column\">\n\t\t\t<div class=\"elementor-widget-wrap elementor-element-populated\">\n\t\t\t\t\t\t<div class=\"elementor-element elementor-element-2294f3f elementor-widget elementor-widget-heading\" data-id=\"2294f3f\" data-element_type=\"widget\" data-e-type=\"widget\" data-widget_type=\"heading.default\">\n\t\t\t\t<div class=\"elementor-widget-container\">\n\t\t\t\t\t<h4 class=\"elementor-heading-title elementor-size-default\"><a href=\"https:\/\/www.funspace.cz\/en\/holiday-club\/\">Holiday club<\/a><\/h4>\t\t\t\t<\/div>\n\t\t\t\t<\/div>\n\t\t\t\t<div class=\"elementor-element elementor-element-81ab6db elementor-widget elementor-widget-image\" data-id=\"81ab6db\" data-element_type=\"widget\" data-e-type=\"widget\" data-widget_type=\"image.default\">\n\t\t\t\t<div class=\"elementor-widget-container\">\n\t\t\t\t\t\t\t\t\t\t\t\t\t\t\t\t<a href=\"https:\/\/www.funspace.cz\/en\/holiday-club\/\">\n\t\t\t\t\t\t\t<img decoding=\"async\" src=\"https:\/\/www.laserarenapisek.cz\/wp-content\/uploads\/2023\/04\/DSC08419-scaled.jpg\" title=\"\" alt=\"\" loading=\"lazy\" \/>\t\t\t\t\t\t\t\t<\/a>\n\t\t\t\t\t\t\t\t\t\t\t\t\t\t\t<\/div>\n\t\t\t\t<\/div>\n\t\t\t\t\t<\/div>\n\t\t<\/div>\n\t\t\t\t<div class=\"elementor-column elementor-col-16 elementor-top-column elementor-element elementor-element-ba73f18\" data-id=\"ba73f18\" data-element_type=\"column\" data-e-type=\"column\">\n\t\t\t<div class=\"elementor-widget-wrap elementor-element-populated\">\n\t\t\t\t\t\t<div class=\"elementor-element elementor-element-bec6ce9 elementor-widget elementor-widget-heading\" data-id=\"bec6ce9\" data-element_type=\"widget\" data-e-type=\"widget\" data-widget_type=\"heading.default\">\n\t\t\t\t<div class=\"elementor-widget-container\">\n\t\t\t\t\t<h4 class=\"elementor-heading-title elementor-size-default\"><a href=\"https:\/\/www.funspace.cz\/en\/tournaments\/\">Tournaments<\/a><\/h4>\t\t\t\t<\/div>\n\t\t\t\t<\/div>\n\t\t\t\t<div class=\"elementor-element elementor-element-f355bfd elementor-widget elementor-widget-image\" data-id=\"f355bfd\" data-element_type=\"widget\" data-e-type=\"widget\" data-widget_type=\"image.default\">\n\t\t\t\t<div class=\"elementor-widget-container\">\n\t\t\t\t\t\t\t\t\t\t\t\t\t\t\t\t<a href=\"https:\/\/www.funspace.cz\/en\/tournaments\/\">\n\t\t\t\t\t\t\t<img decoding=\"async\" src=\"https:\/\/www.laserarenapisek.cz\/wp-content\/uploads\/2023\/04\/IMG_1048-scaled.jpeg\" title=\"\" alt=\"\" loading=\"lazy\" \/>\t\t\t\t\t\t\t\t<\/a>\n\t\t\t\t\t\t\t\t\t\t\t\t\t\t\t<\/div>\n\t\t\t\t<\/div>\n\t\t\t\t\t<\/div>\n\t\t<\/div>\n\t\t\t\t<div class=\"elementor-column elementor-col-16 elementor-top-column elementor-element elementor-element-186cb21\" data-id=\"186cb21\" data-element_type=\"column\" data-e-type=\"column\">\n\t\t\t<div class=\"elementor-widget-wrap elementor-element-populated\">\n\t\t\t\t\t\t<div class=\"elementor-element elementor-element-53a9f4c elementor-widget elementor-widget-heading\" data-id=\"53a9f4c\" data-element_type=\"widget\" data-e-type=\"widget\" data-widget_type=\"heading.default\">\n\t\t\t\t<div class=\"elementor-widget-container\">\n\t\t\t\t\t<h4 class=\"elementor-heading-title elementor-size-default\"><a href=\"https:\/\/www.funspace.cz\/en\/?page_id=946\">Documents<\/a><\/h4>\t\t\t\t<\/div>\n\t\t\t\t<\/div>\n\t\t\t\t<div class=\"elementor-element elementor-element-710e74b elementor-widget elementor-widget-image\" data-id=\"710e74b\" data-element_type=\"widget\" data-e-type=\"widget\" data-widget_type=\"image.default\">\n\t\t\t\t<div class=\"elementor-widget-container\">\n\t\t\t\t\t\t\t\t\t\t\t\t\t\t\t\t<a href=\"https:\/\/www.funspace.cz\/en\/?page_id=946\">\n\t\t\t\t\t\t\t<img decoding=\"async\" src=\"https:\/\/www.laserarenapisek.cz\/wp-content\/uploads\/2023\/04\/dokumenty.jpg\" title=\"\" alt=\"\" loading=\"lazy\" \/>\t\t\t\t\t\t\t\t<\/a>\n\t\t\t\t\t\t\t\t\t\t\t\t\t\t\t<\/div>\n\t\t\t\t<\/div>\n\t\t\t\t\t<\/div>\n\t\t<\/div>\n\t\t\t\t<div class=\"elementor-column elementor-col-16 elementor-top-column elementor-element elementor-element-34d65fb\" data-id=\"34d65fb\" data-element_type=\"column\" data-e-type=\"column\">\n\t\t\t<div class=\"elementor-widget-wrap elementor-element-populated\">\n\t\t\t\t\t\t<div class=\"elementor-element elementor-element-8fa23c2 elementor-widget elementor-widget-heading\" data-id=\"8fa23c2\" data-element_type=\"widget\" data-e-type=\"widget\" data-widget_type=\"heading.default\">\n\t\t\t\t<div class=\"elementor-widget-container\">\n\t\t\t\t\t<h4 class=\"elementor-heading-title elementor-size-default\"><a href=\"https:\/\/www.funspace.cz\/en\/club-section\/\">Club section<\/a><\/h4>\t\t\t\t<\/div>\n\t\t\t\t<\/div>\n\t\t\t\t<div class=\"elementor-element elementor-element-4295997 elementor-widget elementor-widget-image\" data-id=\"4295997\" data-element_type=\"widget\" data-e-type=\"widget\" data-widget_type=\"image.default\">\n\t\t\t\t<div class=\"elementor-widget-container\">\n\t\t\t\t\t\t\t\t\t\t\t\t\t\t\t\t<a href=\"https:\/\/www.funspace.cz\/en\/club-section\/\">\n\t\t\t\t\t\t\t<img decoding=\"async\" width=\"1024\" height=\"768\" src=\"https:\/\/www.funspace.cz\/wp-content\/uploads\/2023\/04\/IMG_0914-scaled-1-1024x768.jpeg\" class=\"attachment-large size-large wp-image-1489\" alt=\"\" srcset=\"https:\/\/www.funspace.cz\/wp-content\/uploads\/2023\/04\/IMG_0914-scaled-1-1024x768.jpeg 1024w, https:\/\/www.funspace.cz\/wp-content\/uploads\/2023\/04\/IMG_0914-scaled-1-300x225.jpeg 300w, https:\/\/www.funspace.cz\/wp-content\/uploads\/2023\/04\/IMG_0914-scaled-1-768x576.jpeg 768w, https:\/\/www.funspace.cz\/wp-content\/uploads\/2023\/04\/IMG_0914-scaled-1-1536x1152.jpeg 1536w, https:\/\/www.funspace.cz\/wp-content\/uploads\/2023\/04\/IMG_0914-scaled-1-2048x1536.jpeg 2048w\" sizes=\"(max-width: 1024px) 100vw, 1024px\" \/>\t\t\t\t\t\t\t\t<\/a>\n\t\t\t\t\t\t\t\t\t\t\t\t\t\t\t<\/div>\n\t\t\t\t<\/div>\n\t\t\t\t\t<\/div>\n\t\t<\/div>\n\t\t\t\t\t<\/div>\n\t\t<\/section>\n\t\t\t\t<section class=\"elementor-section elementor-top-section elementor-element elementor-element-5aac3a9 elementor-section-boxed elementor-section-height-default elementor-section-height-default\" data-id=\"5aac3a9\" data-element_type=\"section\" data-e-type=\"section\">\n\t\t\t\t\t\t<div class=\"elementor-container elementor-column-gap-default\">\n\t\t\t\t\t<div class=\"elementor-column elementor-col-100 elementor-top-column elementor-element elementor-element-931072f\" data-id=\"931072f\" data-element_type=\"column\" data-e-type=\"column\">\n\t\t\t<div class=\"elementor-widget-wrap elementor-element-populated\">\n\t\t\t\t\t\t<div class=\"elementor-element elementor-element-a569e4a elementor-widget elementor-widget-heading\" data-id=\"a569e4a\" data-element_type=\"widget\" data-e-type=\"widget\" data-widget_type=\"heading.default\">\n\t\t\t\t<div class=\"elementor-widget-container\">\n\t\t\t\t\t<h2 class=\"elementor-heading-title elementor-size-default\">About us<\/h2>\t\t\t\t<\/div>\n\t\t\t\t<\/div>\n\t\t\t\t\t<\/div>\n\t\t<\/div>\n\t\t\t\t\t<\/div>\n\t\t<\/section>\n\t\t\t\t<section class=\"elementor-section elementor-top-section elementor-element elementor-element-0fcab9f elementor-section-boxed elementor-section-height-default elementor-section-height-default\" data-id=\"0fcab9f\" data-element_type=\"section\" data-e-type=\"section\">\n\t\t\t\t\t\t<div class=\"elementor-container elementor-column-gap-default\">\n\t\t\t\t\t<div class=\"elementor-column elementor-col-100 elementor-top-column elementor-element elementor-element-23b1159\" data-id=\"23b1159\" data-element_type=\"column\" data-e-type=\"column\">\n\t\t\t<div class=\"elementor-widget-wrap elementor-element-populated\">\n\t\t\t\t\t\t<div class=\"elementor-element elementor-element-0a2642b elementor-button-info elementor-widget elementor-widget-button\" data-id=\"0a2642b\" data-element_type=\"widget\" data-e-type=\"widget\" data-widget_type=\"button.default\">\n\t\t\t\t<div class=\"elementor-widget-container\">\n\t\t\t\t\t\t\t\t\t<div class=\"elementor-button-wrapper\">\n\t\t\t\t\t<a class=\"elementor-button elementor-button-link elementor-size-sm\" href=\"https:\/\/lasergameclubpisek.rajce.idnes.cz\/\" target=\"_blank\" rel=\"nofollow noopener\">\n\t\t\t\t\t\t<span class=\"elementor-button-content-wrapper\">\n\t\t\t\t\t\t\t\t\t<span class=\"elementor-button-text\">Photo gallery of events<\/span>\n\t\t\t\t\t<\/span>\n\t\t\t\t\t<\/a>\n\t\t\t\t<\/div>\n\t\t\t\t\t\t\t\t<\/div>\n\t\t\t\t<\/div>\n\t\t\t\t<div class=\"elementor-element elementor-element-81a3f57 elementor-widget elementor-widget-text-editor\" data-id=\"81a3f57\" data-element_type=\"widget\" data-e-type=\"widget\" data-widget_type=\"text-editor.default\">\n\t\t\t\t<div class=\"elementor-widget-container\">\n\t\t\t\t\t\t\t\t\t<p style=\"letter-spacing: normal; caret-color: #000000; color: #000000;\" data-start=\"149\" data-end=\"507\"><strong data-start=\"149\" data-end=\"181\">The Laser Game Club<\/strong> was founded in&nbsp;<strong data-start=\"196\" data-end=\"204\">2013<\/strong> together with the opening of the laser arena in P\u00edsek. Its goal from the beginning was to &nbsp;<strong data-start=\"277\" data-end=\"357\">to support the development of extracurricular leisure activities for children and young people from P\u00edsek and its surroundings<\/strong> &#8211; to get children away from computers, televisions and mobile phones,&nbsp;<strong data-start=\"416\" data-end=\"440\">get them out of their chairs<\/strong> and offer them&nbsp;<strong data-start=\"457\" data-end=\"504\">meaningful movement, collaboration and new experiences<\/strong>.<\/p>\n<p data-start=\"509\" data-end=\"725\"><span style=\"color: #000000;\"><span style=\"caret-color: #000000; letter-spacing: normal;\">Today the club has&nbsp;<\/span><\/span><strong style=\"caret-color: #000000; color: #000000; letter-spacing: normal;\" data-start=\"522\" data-end=\"551\">wide membership base<\/strong><span style=\"color: #000000;\"><span style=\"caret-color: #000000; letter-spacing: normal;\">  across age categories &#8211; from children and youth to adult players.  <br><\/span><\/span><span style=\"font-family: var( --e-global-typography-text-font-family ), Sans-serif; font-size: 1.6rem; font-style: inherit; letter-spacing: 0.01em; text-transform: inherit; color: #000000;\"><span style=\"letter-spacing: normal;\">Members may  <\/span><\/span><strong style=\"font-family: var( --e-global-typography-text-font-family ), Sans-serif; font-size: 1.6rem; font-style: inherit; text-transform: inherit; caret-color: #000000; color: #000000; letter-spacing: normal;\" data-start=\"635\" data-end=\"668\">enjoy a range of club benefits, discounts<\/strong><span style=\"font-family: var( --e-global-typography-text-font-family ), Sans-serif; font-size: 1.6rem; font-style: inherit; letter-spacing: 0.01em; text-transform: inherit; color: #000000;\"><span style=\"letter-spacing: normal;\">&nbsp;and participate in various&nbsp;<\/span><\/span><strong style=\"font-family: var( --e-global-typography-text-font-family ), Sans-serif; font-size: 1.6rem; font-style: inherit; text-transform: inherit; caret-color: #000000; color: #000000; letter-spacing: normal;\" data-start=\"683\" data-end=\"722\">actions<\/strong><span style=\"font-family: var( --e-global-typography-text-font-family ), Sans-serif; font-size: 1.6rem; font-style: inherit; letter-spacing: 0.01em; text-transform: inherit; color: #000000;\"><span style=\"letter-spacing: normal;\">.<\/span><\/span><\/p>\n<p data-start=\"509\" data-end=\"725\"><span style=\"caret-color: #000000; color: #000000; letter-spacing: normal; font-family: var( --e-global-typography-text-font-family ), Sans-serif; font-size: 1.6rem; font-style: inherit; text-transform: inherit;\">We also cooperate with<\/span><span style=\"caret-color: #000000; color: #000000; letter-spacing: normal; font-family: var( --e-global-typography-text-font-family ), Sans-serif; font-size: 1.6rem; font-style: inherit; text-transform: inherit;\">&nbsp;<\/span><strong style=\"caret-color: #000000; color: #000000; letter-spacing: normal; font-family: var( --e-global-typography-text-font-family ), Sans-serif; font-size: 1.6rem; font-style: inherit; text-transform: inherit;\" data-start=\"745\" data-end=\"772\">schools and other clubs<\/strong><span style=\"caret-color: #000000; color: #000000; letter-spacing: normal; font-family: var( --e-global-typography-text-font-family ), Sans-serif; font-size: 1.6rem; font-style: inherit; text-transform: inherit;\">&nbsp;<\/span><span style=\"caret-color: #000000; color: #000000; letter-spacing: normal; font-family: var( --e-global-typography-text-font-family ), Sans-serif; font-size: 1.6rem; font-style: inherit; text-transform: inherit;\">from P\u00edsek and the surrounding area. We are <\/span><span style=\"caret-color: #000000; color: #000000; letter-spacing: normal; font-family: var( --e-global-typography-text-font-family ), Sans-serif; font-size: 1.6rem; font-style: inherit; text-transform: inherit;\">&nbsp;<\/span><strong style=\"caret-color: #000000; color: #000000; letter-spacing: normal; font-family: var( --e-global-typography-text-font-family ), Sans-serif; font-size: 1.6rem; font-style: inherit; text-transform: inherit;\" data-start=\"804\" data-end=\"852\">members of the South Bohemian Children and Youth Council RADAMBUK<\/strong><span style=\"caret-color: #000000; color: #000000; letter-spacing: normal; font-family: var( --e-global-typography-text-font-family ), Sans-serif; font-size: 1.6rem; font-style: inherit; text-transform: inherit;\">&nbsp;<\/span><span style=\"caret-color: #000000; color: #000000; letter-spacing: normal; font-family: var( --e-global-typography-text-font-family ), Sans-serif; font-size: 1.6rem; font-style: inherit; text-transform: inherit;\">a<\/span><span style=\"caret-color: #000000; color: #000000; letter-spacing: normal; font-family: var( --e-global-typography-text-font-family ), Sans-serif; font-size: 1.6rem; font-style: inherit; text-transform: inherit;\">&nbsp;<\/span><strong style=\"caret-color: #000000; color: #000000; letter-spacing: normal; font-family: var( --e-global-typography-text-font-family ), Sans-serif; font-size: 1.6rem; font-style: inherit; text-transform: inherit;\" data-start=\"855\" data-end=\"891\">Czech Council for Children and Youth (CCCY)<\/strong><span style=\"color: #000000; font-family: var( --e-global-typography-text-font-family ), Sans-serif;\"><span style=\"caret-color: #000000; font-size: 1.6rem; font-style: inherit; letter-spacing: normal; text-transform: inherit;\">. The leaders of our clubs, camps, etc. are regularly   <\/span><\/span><span style=\"color: #000000;\"><span style=\"caret-color: #000000; letter-spacing: normal;\">trained<\/span><\/span><span style=\"color: #000000; font-family: var( --e-global-typography-text-font-family ), Sans-serif;\"><span style=\"caret-color: #000000; font-size: 1.6rem; font-style: inherit; letter-spacing: normal; text-transform: inherit;\"> and educated.<\/span><\/span><\/p>\n<p style=\"letter-spacing: normal; caret-color: #000000; color: #000000;\" data-start=\"896\" data-end=\"1204\">Since the year&nbsp;<strong data-start=\"904\" data-end=\"912\">2023<\/strong>, we have also expanded our activities to&nbsp;<strong data-start=\"949\" data-end=\"970\">\u010cesk\u00e9 Bud\u011bjovice<\/strong>, where in cooperation with&nbsp;we organize suburban camps <strong data-start=\"992\" data-end=\"1017\">with the Funspace laser arena <\/strong>.<span style=\"font-family: var( --e-global-typography-text-font-family ), Sans-serif; font-size: 1.6rem; font-style: inherit; text-transform: inherit;\"> Thanks to the growing interest of children and parents, we have <\/span><span style=\"font-family: var( --e-global-typography-text-font-family ), Sans-serif; font-size: 1.6rem; font-style: inherit; text-transform: inherit;\"> started to <\/span><strong style=\"font-family: var( --e-global-typography-text-font-family ), Sans-serif; font-size: 1.6rem; font-style: inherit; text-transform: inherit;\" data-start=\"1138\" data-end=\"1201\">run our popular programs and events in \u010cesk\u00e9 Bud\u011bjovice<\/strong><span style=\"font-family: var( --e-global-typography-text-font-family ), Sans-serif; font-size: 1.6rem; font-style: inherit; text-transform: inherit;\"> from the <\/span><strong style=\"font-family: var( --e-global-typography-text-font-family ), Sans-serif; font-size: 1.6rem; font-style: inherit; text-transform: inherit;\" data-start=\"1103\" data-end=\"1130\">school year 2025\/2026<\/strong><span style=\"font-family: var( --e-global-typography-text-font-family ), Sans-serif; font-size: 1.6rem; font-style: inherit; text-transform: inherit;\">.<\/span><\/p>\n<hr style=\"letter-spacing: normal;\" data-start=\"1206\" data-end=\"1209\">\n<h5 style=\"font-style: normal; letter-spacing: normal; text-transform: none; text-decoration: none; caret-color: #000000;\" data-start=\"1211\" data-end=\"1240\"><span style=\"color: #0000ff; font-family: roboto, sans-serif; font-size: medium;\"><span style=\"font-weight: 400;\">Regular club activities:<\/span><\/span><\/h5>\n<ul style=\"letter-spacing: normal; caret-color: #000000; color: #000000;\" data-start=\"1242\" data-end=\"1336\">\n<li data-start=\"1242\" data-end=\"1271\">\n<p data-start=\"1244\" data-end=\"1271\">Clubs for children and youth<\/p>\n<\/li>\n<li data-start=\"1272\" data-end=\"1293\">\n<p data-start=\"1274\" data-end=\"1293\">Tournaments and competitions<\/p>\n<\/li>\n<li data-start=\"1294\" data-end=\"1314\">\n<p data-start=\"1296\" data-end=\"1314\">Holiday Club<\/p>\n<\/li>\n<li data-start=\"1315\" data-end=\"1336\">\n<p data-start=\"1317\" data-end=\"1336\">Suburban Camps<\/p>\n<\/li>\n<\/ul>\n<p style=\"letter-spacing: normal; font-family: roboto, sans-serif; caret-color: #000000; color: #000000;\"><span style=\"color: #0000ff;\">Membership Benefits:<\/span><br>From September 2025 we are also extending membership benefits to our active members in \u010cesk\u00e9 Bud\u011bjovice.<br>For both arenas there is a discounted price for lasergame entry for 85K\u010d\/game and also a discount on other membership fees &#8211; entry fees for tournaments, discounts for camps&#8230;<br>Possibility to buy a discounted season ticket, priority information about events and registration for them, account creation&#8230;<\/p>\n<p style=\"letter-spacing: normal; font-family: roboto, sans-serif; caret-color: #000000; color: #000000;\"><span style=\"color: #0000ff;\">Membership fee:<\/span><br><span style=\"font-style: inherit; text-transform: inherit;\">200 CZK per calendar year<\/span><\/p>\n<p style=\"letter-spacing: normal; font-family: roboto, sans-serif; caret-color: #000000; color: #000000;\"><span style=\"color: #0000ff;\">Official club website:<\/span><br><a href=\"http:\/\/www.lasergameclub.cz\" rel=\"nofollow noopener\" target=\"_blank\"><span style=\"font-style: inherit; text-transform: inherit;\">www.lasergameclub.cz<\/span><\/a><span style=\"font-style: inherit; text-transform: inherit;\"><br><\/span><\/p>\t\t\t\t\t\t\t\t<\/div>\n\t\t\t\t<\/div>\n\t\t\t\t<div class=\"elementor-element elementor-element-dc07bbf elementor-widget elementor-widget-image\" data-id=\"dc07bbf\" data-element_type=\"widget\" data-e-type=\"widget\" data-widget_type=\"image.default\">\n\t\t\t\t<div class=\"elementor-widget-container\">\n\t\t\t\t\t\t\t\t\t\t\t\t\t\t\t<img decoding=\"async\" src=\"https:\/\/www.laserarenapisek.cz\/wp-content\/uploads\/2023\/04\/7BC648CD-D500-4295-B9F4-A2D8F32F48DA.jpg\" title=\"\" alt=\"\" loading=\"lazy\" \/>\t\t\t\t\t\t\t\t\t\t\t\t\t\t\t<\/div>\n\t\t\t\t<\/div>\n\t\t\t\t\t<\/div>\n\t\t<\/div>\n\t\t\t\t\t<\/div>\n\t\t<\/section>\n\t\t\t\t<\/div>\n\t\t","protected":false},"excerpt":{"rendered":"<p>Club activities Rings Camps Holiday club Tournaments Documents Club section About us Photo gallery of&hellip;<\/p>\n","protected":false},"author":1,"featured_media":0,"parent":0,"menu_order":0,"comment_status":"closed","ping_status":"closed","template":"","meta":{"footnotes":""},"class_list":["post-1560","page","type-page","status-publish","hentry"],"_links":{"self":[{"href":"https:\/\/www.funspace.cz\/en\/wp-json\/wp\/v2\/pages\/1560","targetHints":{"allow":["GET"]}}],"collection":[{"href":"https:\/\/www.funspace.cz\/en\/wp-json\/wp\/v2\/pages"}],"about":[{"href":"https:\/\/www.funspace.cz\/en\/wp-json\/wp\/v2\/types\/page"}],"author":[{"embeddable":true,"href":"https:\/\/www.funspace.cz\/en\/wp-json\/wp\/v2\/users\/1"}],"replies":[{"embeddable":true,"href":"https:\/\/www.funspace.cz\/en\/wp-json\/wp\/v2\/comments?post=1560"}],"version-history":[{"count":11,"href":"https:\/\/www.funspace.cz\/en\/wp-json\/wp\/v2\/pages\/1560\/revisions"}],"predecessor-version":[{"id":2700,"href":"https:\/\/www.funspace.cz\/en\/wp-json\/wp\/v2\/pages\/1560\/revisions\/2700"}],"wp:attachment":[{"href":"https:\/\/www.funspace.cz\/en\/wp-json\/wp\/v2\/media?parent=1560"}],"curies":[{"name":"wp","href":"https:\/\/api.w.org\/{rel}","templated":true}]}}