{"id":2431,"date":"2023-04-11T19:30:17","date_gmt":"2023-04-11T17:30:17","guid":{"rendered":"https:\/\/www.funspace.cz\/tournaments\/"},"modified":"2025-10-17T12:43:03","modified_gmt":"2025-10-17T10:43:03","slug":"tournaments","status":"publish","type":"page","link":"https:\/\/www.funspace.cz\/en\/tournaments\/","title":{"rendered":"Tournaments"},"content":{"rendered":"\t\t<div data-elementor-type=\"wp-page\" data-elementor-id=\"2431\" class=\"elementor elementor-2431 elementor-1577\" data-elementor-post-type=\"page\">\n\t\t\t\t\t\t<section class=\"elementor-section elementor-top-section elementor-element elementor-element-1a1bbca elementor-section-boxed elementor-section-height-default elementor-section-height-default\" data-id=\"1a1bbca\" data-element_type=\"section\" data-e-type=\"section\">\n\t\t\t\t\t\t<div class=\"elementor-container elementor-column-gap-default\">\n\t\t\t\t\t<div class=\"elementor-column elementor-col-100 elementor-top-column elementor-element elementor-element-344941d\" data-id=\"344941d\" data-element_type=\"column\" data-e-type=\"column\">\n\t\t\t<div class=\"elementor-widget-wrap elementor-element-populated\">\n\t\t\t\t\t\t<div class=\"elementor-element elementor-element-67f9def elementor-widget elementor-widget-heading\" data-id=\"67f9def\" data-element_type=\"widget\" data-e-type=\"widget\" data-widget_type=\"heading.default\">\n\t\t\t\t<div class=\"elementor-widget-container\">\n\t\t\t\t\t<h2 class=\"elementor-heading-title elementor-size-xl\">P\u00edsek Cup 2024<\/h2>\t\t\t\t<\/div>\n\t\t\t\t<\/div>\n\t\t\t\t<div class=\"elementor-element elementor-element-cbb0ed4 elementor-button-info elementor-widget elementor-widget-button\" data-id=\"cbb0ed4\" data-element_type=\"widget\" data-e-type=\"widget\" data-widget_type=\"button.default\">\n\t\t\t\t<div class=\"elementor-widget-container\">\n\t\t\t\t\t\t\t\t\t<div class=\"elementor-button-wrapper\">\n\t\t\t\t\t<a class=\"elementor-button elementor-button-link elementor-size-sm\" href=\"https:\/\/laserliga.cz\/liga\/pisecky-pohar-2024\" target=\"_blank\" rel=\"nofollow noopener\">\n\t\t\t\t\t\t<span class=\"elementor-button-content-wrapper\">\n\t\t\t\t\t\t\t\t\t<span class=\"elementor-button-text\">Detailed information and application form<\/span>\n\t\t\t\t\t<\/span>\n\t\t\t\t\t<\/a>\n\t\t\t\t<\/div>\n\t\t\t\t\t\t\t\t<\/div>\n\t\t\t\t<\/div>\n\t\t\t\t<div class=\"elementor-element elementor-element-eee20ca elementor-widget elementor-widget-text-editor\" data-id=\"eee20ca\" data-element_type=\"widget\" data-e-type=\"widget\" data-widget_type=\"text-editor.default\">\n\t\t\t\t<div class=\"elementor-widget-container\">\n\t\t\t\t\t\t\t\t\t<section id=\"league-description\" class=\"mt-5\"><p><strong>We are starting a new season of the P\u00edseck\u00fd Cup laser game!<\/strong><\/p><p>Who will win the Cup in 2024? Compared to 2023, we are introducing a few new features to make the games even more interesting and evenly matched. <\/p><p>Create your own team and compete with others for the P\u00edseck\u00fd Cup! Tournaments will be held three times during the year: in winter, spring and autumn.<br>They will be divided into three categories. <\/p><p>Each tournament will have a winner, and at the end of the season, based on the overall results, we will announce the winner of the <strong>2024 P\u00edsek Cup<\/strong>.<\/p><\/section>\t\t\t\t\t\t\t\t<\/div>\n\t\t\t\t<\/div>\n\t\t\t\t<div class=\"elementor-element elementor-element-3ef1b2a elementor-widget elementor-widget-heading\" data-id=\"3ef1b2a\" data-element_type=\"widget\" data-e-type=\"widget\" data-widget_type=\"heading.default\">\n\t\t\t\t<div class=\"elementor-widget-container\">\n\t\t\t\t\t<h3 class=\"elementor-heading-title elementor-size-default\">Special training event at the beginning of the year<\/h3>\t\t\t\t<\/div>\n\t\t\t\t<\/div>\n\t\t\t\t<div class=\"elementor-element elementor-element-c70136d elementor-widget elementor-widget-text-editor\" data-id=\"c70136d\" data-element_type=\"widget\" data-e-type=\"widget\" data-widget_type=\"text-editor.default\">\n\t\t\t\t<div class=\"elementor-widget-container\">\n\t\t\t\t\t\t\t\t\t<p>To give you the opportunity to prepare for the competition season, we organize a special training event at the beginning of the year. The event will be open to all players and individuals, even those who don&#8217;t have a team yet. You will have the opportunity to train with our greasers and for those who don&#8217;t have a team yet, there will be the opportunity to meet other players and maybe join a team. Incomplete teams, so they can find their missing player.   <\/p><p>Teams with paid annual entry fee have one free event date.<\/p>\t\t\t\t\t\t\t\t<\/div>\n\t\t\t\t<\/div>\n\t\t\t\t<div class=\"elementor-element elementor-element-5d8f5c7 elementor-widget elementor-widget-button\" data-id=\"5d8f5c7\" data-element_type=\"widget\" data-e-type=\"widget\" data-widget_type=\"button.default\">\n\t\t\t\t<div class=\"elementor-widget-container\">\n\t\t\t\t\t\t\t\t\t<div class=\"elementor-button-wrapper\">\n\t\t\t\t\t<a class=\"elementor-button elementor-button-link elementor-size-xs\" href=\"https:\/\/laserliga.cz\/events\/1\" rel=\"nofollow noopener\" target=\"_blank\">\n\t\t\t\t\t\t<span class=\"elementor-button-content-wrapper\">\n\t\t\t\t\t\t\t\t\t<span class=\"elementor-button-text\">Information about special training event<\/span>\n\t\t\t\t\t<\/span>\n\t\t\t\t\t<\/a>\n\t\t\t\t<\/div>\n\t\t\t\t\t\t\t\t<\/div>\n\t\t\t\t<\/div>\n\t\t\t\t<div class=\"elementor-element elementor-element-42a5144 elementor-widget elementor-widget-heading\" data-id=\"42a5144\" data-element_type=\"widget\" data-e-type=\"widget\" data-widget_type=\"heading.default\">\n\t\t\t\t<div class=\"elementor-widget-container\">\n\t\t\t\t\t<h3 class=\"elementor-heading-title elementor-size-default\">Required and recommended for all participants<\/h3>\t\t\t\t<\/div>\n\t\t\t\t<\/div>\n\t\t\t\t<div class=\"elementor-element elementor-element-82ceb59 elementor-widget elementor-widget-text-editor\" data-id=\"82ceb59\" data-element_type=\"widget\" data-e-type=\"widget\" data-widget_type=\"text-editor.default\">\n\t\t\t\t<div class=\"elementor-widget-container\">\n\t\t\t\t\t\t\t\t\t<p>Players should have a unique nickname by which we can recognize them and calculate their cumulative stats.<\/p><p>We recommend registering a substitute player. You can also substitute during the tournament, but only the full team must play at any time. <\/p><p>We recommend <a href=\"https:\/\/laserliga.cz\/login\" target=\"_blank\" rel=\"noopener nofollow\">registering in the Laser League portal<\/a> to collect points and advance in the overall table.<\/p><p>It is good for the team to participate in all tournaments in a year. Only then you will have the best chance to win the P\u00edsek Cup. <\/p><p>For children under 15 years of age, it is necessary to include the contact details of a legal guardian in the application form.<\/p><p>Each player (and, in the case of younger children, the legal guardian) is obliged to familiarize himself with <a href=\"https:\/\/www.laserarenapisek.cz\/bezpecnostni_pravidla\/\" target=\"_blank\" rel=\"noopener nofollow\">the game and safety rules<\/a> and <a href=\"https:\/\/www.laserarenapisek.cz\/o-nas\/tmp2022.laserarenapisek.cz\/provozni_rad\/\" target=\"_blank\" rel=\"noopener nofollow\">operating rules<\/a> in advance, to which he agrees by entering the Laser Arena premises.<\/p>\t\t\t\t\t\t\t\t<\/div>\n\t\t\t\t<\/div>\n\t\t\t\t\t<\/div>\n\t\t<\/div>\n\t\t\t\t\t<\/div>\n\t\t<\/section>\n\t\t\t\t<section class=\"elementor-section elementor-top-section elementor-element elementor-element-774a122 elementor-section-boxed elementor-section-height-default elementor-section-height-default\" data-id=\"774a122\" data-element_type=\"section\" data-e-type=\"section\">\n\t\t\t\t\t\t<div class=\"elementor-container elementor-column-gap-default\">\n\t\t\t\t\t<div class=\"elementor-column elementor-col-50 elementor-top-column elementor-element elementor-element-ee778a0\" data-id=\"ee778a0\" data-element_type=\"column\" data-e-type=\"column\">\n\t\t\t<div class=\"elementor-widget-wrap elementor-element-populated\">\n\t\t\t\t\t\t<div class=\"elementor-element elementor-element-52080d3 elementor-button-info elementor-widget elementor-widget-button\" data-id=\"52080d3\" data-element_type=\"widget\" data-e-type=\"widget\" data-widget_type=\"button.default\">\n\t\t\t\t<div class=\"elementor-widget-container\">\n\t\t\t\t\t\t\t\t\t<div class=\"elementor-button-wrapper\">\n\t\t\t\t\t<a class=\"elementor-button elementor-button-link elementor-size-sm\" href=\"https:\/\/laserliga.cz\/liga\/pisecky-pohar-2024\" target=\"_blank\" rel=\"nofollow noopener\">\n\t\t\t\t\t\t<span class=\"elementor-button-content-wrapper\">\n\t\t\t\t\t\t\t\t\t<span class=\"elementor-button-text\">Team registration and other info<\/span>\n\t\t\t\t\t<\/span>\n\t\t\t\t\t<\/a>\n\t\t\t\t<\/div>\n\t\t\t\t\t\t\t\t<\/div>\n\t\t\t\t<\/div>\n\t\t\t\t<div class=\"elementor-element elementor-element-85e2043 elementor-widget elementor-widget-text-editor\" data-id=\"85e2043\" data-element_type=\"widget\" data-e-type=\"widget\" data-widget_type=\"text-editor.default\">\n\t\t\t\t<div class=\"elementor-widget-container\">\n\t\t\t\t\t\t\t\t\t<p><strong>When?<\/strong><\/p><ul><li>Special training event:<ul><li><a href=\"https:\/\/laserliga.cz\/events\/1\" rel=\"nofollow noopener\" target=\"_blank\">19. 1. 2024 from 18:00<\/a><\/li><li><a href=\"https:\/\/laserliga.cz\/events\/1\" rel=\"nofollow noopener\" target=\"_blank\">22. 1. 2024 from 9:00<\/a><\/li><\/ul><\/li><li><span style=\"letter-spacing: 0.16px;\">Winter:<\/span><ul style=\"letter-spacing: 0.16px;\"><li><a style=\"outline-color: currentcolor; outline-style: none; transition: var(--dt-transition);\" href=\"https:\/\/laserliga.cz\/tournament\/11\" rel=\"nofollow noopener\" target=\"_blank\">11. 2. 2024 &#8211; Beginners<\/a><\/li><li><a style=\"outline-color: currentcolor; outline-style: none; transition: var(--dt-transition);\" href=\"https:\/\/laserliga.cz\/tournament\/12\" rel=\"nofollow noopener\" target=\"_blank\">18. 2. 2024 &#8211; Advanced<\/a><\/li><li><a style=\"outline-color: currentcolor; outline-style: none; transition: var(--dt-transition);\" href=\"https:\/\/laserliga.cz\/tournament\/13\" rel=\"nofollow noopener\" target=\"_blank\">16. 2. 2024 &#8211; Mazaci<\/a><\/li><\/ul>Spring:<ul><li><a href=\"https:\/\/laserliga.cz\/tournament\/14\" rel=\"nofollow noopener\" target=\"_blank\">28. 4. 2024 &#8211; Beginners<\/a><\/li><li><a href=\"https:\/\/laserliga.cz\/tournament\/15\" rel=\"nofollow noopener\" target=\"_blank\">5. 5. 2024 &#8211; Advanced<\/a><\/li><li><a href=\"https:\/\/laserliga.cz\/tournament\/16\" rel=\"nofollow noopener\" target=\"_blank\">3. 5. 2024 &#8211; Mazaci<\/a><\/li><\/ul><\/li><li>Autumn:<ul><li><a href=\"https:\/\/laserliga.cz\/tournament\/17\" rel=\"nofollow noopener\" target=\"_blank\">3. 11. 2024 &#8211; Beginners<\/a><\/li><li><a href=\"https:\/\/laserliga.cz\/tournament\/18\" rel=\"nofollow noopener\" target=\"_blank\">10. 11. 2024 &#8211; Advanced<\/a><\/li><li><a href=\"https:\/\/laserliga.cz\/tournament\/19\" rel=\"nofollow noopener\" target=\"_blank\">8. 11. 2024 &#8211; Mazaci<\/a><\/li><\/ul><\/li><\/ul><p><strong>Where?<\/strong> &#8211; <a href=\"https:\/\/www.laserarenapisek.cz\/o-nas\/\" rel=\"nofollow noopener\" target=\"_blank\">Laser arena P\u00edsek<\/a><\/p><p><strong>How big are the teams?<\/strong>  &#8211; 4 players<\/p><p><strong>How&#8217;s the game?<\/strong>  &#8211; Three tournaments per year in three categories.<\/p><p><strong>The price? (annual entry fee) <\/strong><br>Member with paid annual dues &#8211; 800 CZK<br>Without annual dues &#8211; 1 000 CZK<\/p><p><strong>How many teams?<\/strong>  &#8211; Max 10 teams per category<\/p>\t\t\t\t\t\t\t\t<\/div>\n\t\t\t\t<\/div>\n\t\t\t\t\t<\/div>\n\t\t<\/div>\n\t\t\t\t<div class=\"elementor-column elementor-col-50 elementor-top-column elementor-element elementor-element-1b1e8b0\" data-id=\"1b1e8b0\" data-element_type=\"column\" data-e-type=\"column\">\n\t\t\t<div class=\"elementor-widget-wrap elementor-element-populated\">\n\t\t\t\t\t\t<div class=\"elementor-element elementor-element-3e06131 elementor-widget elementor-widget-image\" data-id=\"3e06131\" data-element_type=\"widget\" data-e-type=\"widget\" data-widget_type=\"image.default\">\n\t\t\t\t<div class=\"elementor-widget-container\">\n\t\t\t\t\t\t\t\t\t\t\t\t\t\t\t<img decoding=\"async\" src=\"https:\/\/www.funspace.cz\/wp-content\/uploads\/elementor\/thumbs\/Pisecky-pohar-2024-1-rdc3sh86ndnpp8srl64g74chhegumf2gv04vsqi5ts.webp\" title=\"P\u00edseck\u00fd poh\u00e1r 2024\" alt=\"P\u00edseck\u00fd poh\u00e1r 2024\" loading=\"lazy\" \/>\t\t\t\t\t\t\t\t\t\t\t\t\t\t\t<\/div>\n\t\t\t\t<\/div>\n\t\t\t\t\t<\/div>\n\t\t<\/div>\n\t\t\t\t\t<\/div>\n\t\t<\/section>\n\t\t\t\t<\/div>\n\t\t","protected":false},"excerpt":{"rendered":"<p>P\u00edsek Cup 2024 Detailed information and application form We are starting a new season of&hellip;<\/p>\n","protected":false},"author":1,"featured_media":0,"parent":0,"menu_order":0,"comment_status":"closed","ping_status":"closed","template":"","meta":{"footnotes":""},"class_list":["post-2431","page","type-page","status-publish","hentry"],"_links":{"self":[{"href":"https:\/\/www.funspace.cz\/en\/wp-json\/wp\/v2\/pages\/2431","targetHints":{"allow":["GET"]}}],"collection":[{"href":"https:\/\/www.funspace.cz\/en\/wp-json\/wp\/v2\/pages"}],"about":[{"href":"https:\/\/www.funspace.cz\/en\/wp-json\/wp\/v2\/types\/page"}],"author":[{"embeddable":true,"href":"https:\/\/www.funspace.cz\/en\/wp-json\/wp\/v2\/users\/1"}],"replies":[{"embeddable":true,"href":"https:\/\/www.funspace.cz\/en\/wp-json\/wp\/v2\/comments?post=2431"}],"version-history":[{"count":2,"href":"https:\/\/www.funspace.cz\/en\/wp-json\/wp\/v2\/pages\/2431\/revisions"}],"predecessor-version":[{"id":2451,"href":"https:\/\/www.funspace.cz\/en\/wp-json\/wp\/v2\/pages\/2431\/revisions\/2451"}],"wp:attachment":[{"href":"https:\/\/www.funspace.cz\/en\/wp-json\/wp\/v2\/media?parent=2431"}],"curies":[{"name":"wp","href":"https:\/\/api.w.org\/{rel}","templated":true}]}}